{"id":308,"date":"2021-10-05T17:30:43","date_gmt":"2021-10-05T17:30:43","guid":{"rendered":"http:\/\/pkabogados.com\/?page_id=308"},"modified":"2024-04-03T08:34:39","modified_gmt":"2024-04-03T08:34:39","slug":"cita-previa","status":"publish","type":"page","link":"https:\/\/pkabogados.com\/en\/cita-previa\/","title":{"rendered":"Appointment"},"content":{"rendered":"<div data-elementor-type=\"wp-page\" data-elementor-id=\"308\" class=\"elementor elementor-308\" data-elementor-post-type=\"page\">\n\t\t\t\t\t\t<section class=\"elementor-section elementor-top-section elementor-element elementor-element-28c2f8d0 elementor-section-boxed elementor-section-height-default elementor-section-height-default\" data-id=\"28c2f8d0\" data-element_type=\"section\">\n\t\t\t\t\t\t<div class=\"elementor-container elementor-column-gap-default\">\n\t\t\t\t\t<div class=\"elementor-column elementor-col-100 elementor-top-column elementor-element elementor-element-1bbf68\" data-id=\"1bbf68\" data-element_type=\"column\">\n\t\t\t<div class=\"elementor-widget-wrap elementor-element-populated\">\n\t\t\t\t\t\t<div class=\"elementor-element elementor-element-4e920cc elementor-widget elementor-widget-heading\" data-id=\"4e920cc\" data-element_type=\"widget\" data-widget_type=\"heading.default\">\n\t\t\t\t<div class=\"elementor-widget-container\">\n\t\t\t<style>\/*! elementor - v3.21.0 - 26-05-2024 *\/\n.elementor-heading-title{padding:0;margin:0;line-height:1}.elementor-widget-heading .elementor-heading-title[class*=elementor-size-]>a{color:inherit;font-size:inherit;line-height:inherit}.elementor-widget-heading .elementor-heading-title.elementor-size-small{font-size:15px}.elementor-widget-heading .elementor-heading-title.elementor-size-medium{font-size:19px}.elementor-widget-heading .elementor-heading-title.elementor-size-large{font-size:29px}.elementor-widget-heading .elementor-heading-title.elementor-size-xl{font-size:39px}.elementor-widget-heading .elementor-heading-title.elementor-size-xxl{font-size:59px}<\/style><h2 class=\"elementor-heading-title elementor-size-default\">Appointment<\/h2>\t\t<\/div>\n\t\t\t\t<\/div>\n\t\t\t\t<div class=\"elementor-element elementor-element-68c1c77 elementor-widget-divider--view-line elementor-widget elementor-widget-divider\" data-id=\"68c1c77\" data-element_type=\"widget\" data-widget_type=\"divider.default\">\n\t\t\t\t<div class=\"elementor-widget-container\">\n\t\t\t<style>\/*! elementor - v3.21.0 - 26-05-2024 *\/\n.elementor-widget-divider{--divider-border-style:none;--divider-border-width:1px;--divider-color:#0c0d0e;--divider-icon-size:20px;--divider-element-spacing:10px;--divider-pattern-height:24px;--divider-pattern-size:20px;--divider-pattern-url:none;--divider-pattern-repeat:repeat-x}.elementor-widget-divider .elementor-divider{display:flex}.elementor-widget-divider .elementor-divider__text{font-size:15px;line-height:1;max-width:95%}.elementor-widget-divider .elementor-divider__element{margin:0 var(--divider-element-spacing);flex-shrink:0}.elementor-widget-divider .elementor-icon{font-size:var(--divider-icon-size)}.elementor-widget-divider .elementor-divider-separator{display:flex;margin:0;direction:ltr}.elementor-widget-divider--view-line_icon .elementor-divider-separator,.elementor-widget-divider--view-line_text .elementor-divider-separator{align-items:center}.elementor-widget-divider--view-line_icon .elementor-divider-separator:after,.elementor-widget-divider--view-line_icon .elementor-divider-separator:before,.elementor-widget-divider--view-line_text .elementor-divider-separator:after,.elementor-widget-divider--view-line_text .elementor-divider-separator:before{display:block;content:\"\";border-block-end:0;flex-grow:1;border-block-start:var(--divider-border-width) var(--divider-border-style) var(--divider-color)}.elementor-widget-divider--element-align-left .elementor-divider .elementor-divider-separator>.elementor-divider__svg:first-of-type{flex-grow:0;flex-shrink:100}.elementor-widget-divider--element-align-left .elementor-divider-separator:before{content:none}.elementor-widget-divider--element-align-left .elementor-divider__element{margin-left:0}.elementor-widget-divider--element-align-right .elementor-divider .elementor-divider-separator>.elementor-divider__svg:last-of-type{flex-grow:0;flex-shrink:100}.elementor-widget-divider--element-align-right .elementor-divider-separator:after{content:none}.elementor-widget-divider--element-align-right .elementor-divider__element{margin-right:0}.elementor-widget-divider--element-align-start .elementor-divider .elementor-divider-separator>.elementor-divider__svg:first-of-type{flex-grow:0;flex-shrink:100}.elementor-widget-divider--element-align-start .elementor-divider-separator:before{content:none}.elementor-widget-divider--element-align-start .elementor-divider__element{margin-inline-start:0}.elementor-widget-divider--element-align-end .elementor-divider .elementor-divider-separator>.elementor-divider__svg:last-of-type{flex-grow:0;flex-shrink:100}.elementor-widget-divider--element-align-end .elementor-divider-separator:after{content:none}.elementor-widget-divider--element-align-end .elementor-divider__element{margin-inline-end:0}.elementor-widget-divider:not(.elementor-widget-divider--view-line_text):not(.elementor-widget-divider--view-line_icon) .elementor-divider-separator{border-block-start:var(--divider-border-width) var(--divider-border-style) var(--divider-color)}.elementor-widget-divider--separator-type-pattern{--divider-border-style:none}.elementor-widget-divider--separator-type-pattern.elementor-widget-divider--view-line .elementor-divider-separator,.elementor-widget-divider--separator-type-pattern:not(.elementor-widget-divider--view-line) .elementor-divider-separator:after,.elementor-widget-divider--separator-type-pattern:not(.elementor-widget-divider--view-line) .elementor-divider-separator:before,.elementor-widget-divider--separator-type-pattern:not([class*=elementor-widget-divider--view]) .elementor-divider-separator{width:100%;min-height:var(--divider-pattern-height);-webkit-mask-size:var(--divider-pattern-size) 100%;mask-size:var(--divider-pattern-size) 100%;-webkit-mask-repeat:var(--divider-pattern-repeat);mask-repeat:var(--divider-pattern-repeat);background-color:var(--divider-color);-webkit-mask-image:var(--divider-pattern-url);mask-image:var(--divider-pattern-url)}.elementor-widget-divider--no-spacing{--divider-pattern-size:auto}.elementor-widget-divider--bg-round{--divider-pattern-repeat:round}.rtl .elementor-widget-divider .elementor-divider__text{direction:rtl}.e-con-inner>.elementor-widget-divider,.e-con>.elementor-widget-divider{width:var(--container-widget-width,100%);--flex-grow:var(--container-widget-flex-grow)}<\/style>\t\t<div class=\"elementor-divider\">\n\t\t\t<span class=\"elementor-divider-separator\">\n\t\t\t\t\t\t<\/span>\n\t\t<\/div>\n\t\t\t\t<\/div>\n\t\t\t\t<\/div>\n\t\t\t\t\t<\/div>\n\t\t<\/div>\n\t\t\t\t\t<\/div>\n\t\t<\/section>\n\t\t\t\t<section class=\"elementor-section elementor-top-section elementor-element elementor-element-d06a4eb elementor-section-boxed elementor-section-height-default elementor-section-height-default\" data-id=\"d06a4eb\" data-element_type=\"section\">\n\t\t\t\t\t\t<div class=\"elementor-container elementor-column-gap-default\">\n\t\t\t\t\t<div class=\"elementor-column elementor-col-100 elementor-top-column elementor-element elementor-element-ea9a683\" data-id=\"ea9a683\" data-element_type=\"column\">\n\t\t\t<div class=\"elementor-widget-wrap elementor-element-populated\">\n\t\t\t\t\t\t<div class=\"elementor-element elementor-element-5ae022e elementor-widget elementor-widget-text-editor\" data-id=\"5ae022e\" data-element_type=\"widget\" data-widget_type=\"text-editor.default\">\n\t\t\t\t<div class=\"elementor-widget-container\">\n\t\t\t<style>\/*! elementor - v3.21.0 - 26-05-2024 *\/\n.elementor-widget-text-editor.elementor-drop-cap-view-stacked .elementor-drop-cap{background-color:#69727d;color:#fff}.elementor-widget-text-editor.elementor-drop-cap-view-framed .elementor-drop-cap{color:#69727d;border:3px solid;background-color:transparent}.elementor-widget-text-editor:not(.elementor-drop-cap-view-default) .elementor-drop-cap{margin-top:8px}.elementor-widget-text-editor:not(.elementor-drop-cap-view-default) .elementor-drop-cap-letter{width:1em;height:1em}.elementor-widget-text-editor .elementor-drop-cap{float:left;text-align:center;line-height:1;font-size:50px}.elementor-widget-text-editor .elementor-drop-cap-letter{display:inline-block}<\/style>\t\t\t\t<p>Through the following form you will be able to schedule a consultation.<\/p>\t\t\t\t\t\t<\/div>\n\t\t\t\t<\/div>\n\t\t\t\t<div class=\"elementor-element elementor-element-2ba6726f elementor-widget elementor-widget-text-editor\" data-id=\"2ba6726f\" data-element_type=\"widget\" data-widget_type=\"text-editor.default\">\n\t\t\t\t<div class=\"elementor-widget-container\">\n\t\t\t\t\t\t\t<p>\r\n<div id=\"booknetic_progress\" class=\"booknetic_progress_waiting booknetic_progress_done\"><dt><\/dt><dd><\/dd><\/div>\r\n<div class=\"booknetic_appointment\" id=\"booknetic_theme_2\">\r\n\t<div class=\"booknetic_appointment_steps has-logo\">\r\n\t\t\t\t<div class=\"booknetic_company_logo\">\r\n\t\t\t<img decoding=\"async\" src=\"https:\/\/pkabogados.com\/wp-content\/uploads\/booknetic\/settings\/448e0423ad77d562c835834b17f15f5b.png\">\r\n\t\t<\/div>\r\n\t\t\t\t<div class=\"booknetic_appointment_steps_body\">\r\n\t\t\t\t\t\t\t<div class=\"booknetic_appointment_step_element booknetic_menu_hidden\"  data-value=\"1\" data-step-id=\"location\" data-loader=\"card1\" data-title=\"Select location\" >\r\n\t\t\t\t\t<span class=\"booknetic_badge\"><\/span>\r\n\t\t\t\t\t<span class=\"booknetic_step_title\"> Location<\/span>\r\n\t\t\t\t<\/div>\r\n\t\t\t\t\t\t\t\t<div class=\"booknetic_appointment_step_element booknetic_menu_hidden\"  data-value=\"-1\" data-step-id=\"staff\" data-loader=\"card1\" data-title=\"Select staff\" >\r\n\t\t\t\t\t<span class=\"booknetic_badge\"><\/span>\r\n\t\t\t\t\t<span class=\"booknetic_step_title\"> Staff<\/span>\r\n\t\t\t\t<\/div>\r\n\t\t\t\t\t\t\t\t<div class=\"booknetic_appointment_step_element\"  data-step-id=\"service\" data-loader=\"card2\" data-title=\"Select service\"  data-service-category=\"\">\r\n\t\t\t\t\t<span class=\"booknetic_badge\"><\/span>\r\n\t\t\t\t\t<span class=\"booknetic_step_title\"> Services<\/span>\r\n\t\t\t\t<\/div>\r\n\t\t\t\t\t\t\t\t<div class=\"booknetic_appointment_step_element\"  data-step-id=\"service_extras\" data-loader=\"card2\" data-title=\"Select service extras\" >\r\n\t\t\t\t\t<span class=\"booknetic_badge\"><\/span>\r\n\t\t\t\t\t<span class=\"booknetic_step_title\"> Service Extras<\/span>\r\n\t\t\t\t<\/div>\r\n\t\t\t\t\t\t\t\t<div class=\"booknetic_appointment_step_element\"  data-step-id=\"date_time\" data-loader=\"card3\" data-title=\"Select Date &amp; Time\" >\r\n\t\t\t\t\t<span class=\"booknetic_badge\"><\/span>\r\n\t\t\t\t\t<span class=\"booknetic_step_title\"> Date &amp; Time<\/span>\r\n\t\t\t\t<\/div>\r\n\t\t\t\t\t\t\t\t<div class=\"booknetic_appointment_step_element booknetic_menu_hidden\"  data-step-id=\"recurring_info\" data-loader=\"card3\" data-title=\"Recurring info\" >\r\n\t\t\t\t\t<span class=\"booknetic_badge\"><\/span>\r\n\t\t\t\t\t<span class=\"booknetic_step_title\"> Recurring info<\/span>\r\n\t\t\t\t<\/div>\r\n\t\t\t\t\t\t\t\t<div class=\"booknetic_appointment_step_element\"  data-step-id=\"information\" data-loader=\"card3\" data-title=\"Fill information\" >\r\n\t\t\t\t\t<span class=\"booknetic_badge\"><\/span>\r\n\t\t\t\t\t<span class=\"booknetic_step_title\"> Information<\/span>\r\n\t\t\t\t<\/div>\r\n\t\t\t\t\t\t\t\t<div class=\"booknetic_appointment_step_element\"  data-step-id=\"confirm_details\" data-loader=\"card3\" data-title=\"Confirm Details\" >\r\n\t\t\t\t\t<span class=\"booknetic_badge\"><\/span>\r\n\t\t\t\t\t<span class=\"booknetic_step_title\"> Confirmation<\/span>\r\n\t\t\t\t<\/div>\r\n\t\t\t\t\t\t<\/div>\r\n\t\t<div class=\"booknetic_appointment_steps_footer\">\r\n\t\t\t<div class=\"booknetic_appointment_steps_footer_txt1\">Have any questions?<\/div>\r\n\t\t\t<div class=\"booknetic_appointment_steps_footer_txt2\">+34 681 90 07 16<\/div>\r\n\t\t<\/div>\r\n\t<\/div>\r\n\t<div class=\"booknetic_appointment_container\">\r\n\r\n\t\t<div class=\"booknetic_appointment_container_header\"><\/div>\r\n\t\t<div class=\"booknetic_appointment_container_body\">\r\n\r\n\t\t\t<div class=\"booknetic_preloader_card1_box booknetic_hidden\">\r\n\r\n\t\t\t\t<div class=\"booknetic_preloader_card1\">\r\n\t\t\t\t\t<div class=\"booknetic_preloader_card1_image\"><\/div>\r\n\t\t\t\t\t<div class=\"booknetic_preloader_card1_description\"><\/div>\r\n\t\t\t\t<\/div>\r\n\r\n\t\t\t\t<div class=\"booknetic_preloader_card1\">\r\n\t\t\t\t\t<div class=\"booknetic_preloader_card1_image\"><\/div>\r\n\t\t\t\t\t<div class=\"booknetic_preloader_card1_description\"><\/div>\r\n\t\t\t\t<\/div>\r\n\r\n\t\t\t\t<div class=\"booknetic_preloader_card1\">\r\n\t\t\t\t\t<div class=\"booknetic_preloader_card1_image\"><\/div>\r\n\t\t\t\t\t<div class=\"booknetic_preloader_card1_description\"><\/div>\r\n\t\t\t\t<\/div>\r\n\r\n\t\t\t<\/div>\r\n\r\n\t\t\t<div class=\"booknetic_preloader_card2_box booknetic_hidden\">\r\n\t\t\t\t<div class=\"booknetic_preloader_card2\">\r\n\t\t\t\t\t<div class=\"booknetic_preloader_card2_image\"><\/div>\r\n\t\t\t\t\t<div class=\"booknetic_preloader_card2_description\"><\/div>\r\n\t\t\t\t<\/div>\r\n\r\n\t\t\t\t<div class=\"booknetic_preloader_card2\">\r\n\t\t\t\t\t<div class=\"booknetic_preloader_card2_image\"><\/div>\r\n\t\t\t\t\t<div class=\"booknetic_preloader_card2_description\"><\/div>\r\n\t\t\t\t<\/div>\r\n\r\n\t\t\t\t<div class=\"booknetic_preloader_card2\">\r\n\t\t\t\t\t<div class=\"booknetic_preloader_card2_image\"><\/div>\r\n\t\t\t\t\t<div class=\"booknetic_preloader_card2_description\"><\/div>\r\n\t\t\t\t<\/div>\r\n\t\t\t<\/div>\r\n\r\n\t\t\t<div class=\"booknetic_preloader_card3_box booknetic_hidden\">\r\n\t\t\t\t<div class=\"booknetic_preloader_card3\"><\/div>\r\n\t\t\t\t<div class=\"booknetic_preloader_card3\"><\/div>\r\n\t\t\t\t<div class=\"booknetic_preloader_card3\"><\/div>\r\n\t\t\t\t<div class=\"booknetic_preloader_card3\"><\/div>\r\n\t\t\t<\/div>\r\n\r\n\t\t\t<div data-step-id=\"location\" class=\"booknetic_hidden\"><\/div>\r\n\t\t\t<div data-step-id=\"staff\" class=\"booknetic_hidden\"><\/div>\r\n\t\t\t<div data-step-id=\"service\" class=\"booknetic_hidden\"><\/div>\r\n\t\t\t<div data-step-id=\"service_extras\" class=\"booknetic_hidden\"><\/div>\r\n\t\t\t<div data-step-id=\"date_time\" class=\"booknetic_hidden\"><\/div>\r\n\t\t\t<div data-step-id=\"recurring_info\" class=\"booknetic_hidden\"><\/div>\r\n\t\t\t<div data-step-id=\"information\" class=\"booknetic_hidden\"><\/div>\r\n\t\t\t<div data-step-id=\"confirm_details\" class=\"booknetic_hidden\"><\/div>\r\n\r\n\t\t\t<div class=\"booknetic_appointment_finished_with_error booknetic_hidden\">\r\n\t\t\t\t<img decoding=\"async\" src=\"https:\/\/pkabogados.com\/wp-content\/plugins\/booknetic\/app\/Frontend\/assets\/images\/payment-error.svg\">\r\n\t\t\t\t<div>We aren't able to process your payment. Please, try again.<\/div>\r\n\t\t\t<\/div>\r\n\r\n\t\t<\/div>\r\n\t\t<div class=\"booknetic_appointment_container_footer\">\r\n\t\t\t<button type=\"button\" class=\"booknetic_btn_secondary booknetic_prev_step\">BACK<\/button>\r\n\t\t\t<div class=\"booknetic_warning_message\"><\/div>\r\n\t\t\t<button type=\"button\" class=\"booknetic_btn_primary booknetic_next_step\">NEXT STEP<\/button>\r\n\t\t\t<button type=\"button\" class=\"booknetic_btn_primary booknetic_hidden booknetic_try_again_btn\">TRY AGAIN<\/button>\r\n\t\t<\/div>\r\n\t<\/div>\r\n\t<div class=\"booknetic_appointment_finished\">\r\n\t\t<div class=\"booknetic_appointment_finished_icon\"><img decoding=\"async\" src=\"https:\/\/pkabogados.com\/wp-content\/plugins\/booknetic\/app\/Frontend\/assets\/icons\/status-ok.svg\"><\/div>\r\n\t\t<div class=\"booknetic_appointment_finished_title\">Thank you for your request!<\/div>\r\n\t\t<div class=\"booknetic_appointment_finished_subtitle\">Your confirmation number:<\/div>\r\n\t\t<div class=\"booknetic_appointment_finished_code\"><\/div>\r\n\t\t<div class=\"booknetic_appointment_finished_actions\">\r\n\t\t\t<button type=\"button\" id=\"booknetic_add_to_google_calendar_btn\" class=\"booknetic_btn_secondary\"><img decoding=\"async\" src=\"https:\/\/pkabogados.com\/wp-content\/plugins\/booknetic\/app\/Frontend\/assets\/icons\/calendar.svg\"> ADD TO GOOGLE CALENDAR<\/button>\r\n\t\t\t<button type=\"button\" id=\"booknetic_start_new_booking_btn\" class=\"booknetic_btn_secondary\"><img decoding=\"async\" src=\"https:\/\/pkabogados.com\/wp-content\/plugins\/booknetic\/app\/Frontend\/assets\/icons\/plus.svg\"> START NEW BOOKING<\/button>\r\n\t\t\t<button type=\"button\" id=\"booknetic_finish_btn\" class=\"booknetic_btn_secondary\" data-redirect-url=\"\"><img decoding=\"async\" src=\"https:\/\/pkabogados.com\/wp-content\/plugins\/booknetic\/app\/Frontend\/assets\/icons\/check-small.svg\"> FINISH BOOKING<\/button>\r\n\t\t<\/div>\r\n\t<\/div>\r\n\t<\/div>\r\n<\/p>\t\t\t\t\t\t<\/div>\n\t\t\t\t<\/div>\n\t\t\t\t\t<\/div>\n\t\t<\/div>\n\t\t\t\t\t<\/div>\n\t\t<\/section>\n\t\t\t\t<\/div>","protected":false},"excerpt":{"rendered":"<p>Appointment Through the following form you will be able to schedule a consultation.<\/p>","protected":false},"author":1,"featured_media":0,"parent":0,"menu_order":0,"comment_status":"closed","ping_status":"closed","template":"elementor_header_footer","meta":{"site-sidebar-layout":"default","site-content-layout":"","ast-site-content-layout":"default","site-content-style":"default","site-sidebar-style":"default","ast-global-header-display":"","ast-banner-title-visibility":"","ast-main-header-display":"","ast-hfb-above-header-display":"","ast-hfb-below-header-display":"","ast-hfb-mobile-header-display":"","site-post-title":"","ast-breadcrumbs-content":"","ast-featured-img":"","footer-sml-layout":"","theme-transparent-header-meta":"","adv-header-id-meta":"","stick-header-meta":"","header-above-stick-meta":"","header-main-stick-meta":"","header-below-stick-meta":"","astra-migrate-meta-layouts":"set","ast-page-background-enabled":"default","ast-page-background-meta":{"desktop":{"background-color":"","background-image":"","background-repeat":"repeat","background-position":"center center","background-size":"auto","background-attachment":"scroll","background-type":"","background-media":"","overlay-type":"","overlay-color":"","overlay-gradient":""},"tablet":{"background-color":"","background-image":"","background-repeat":"repeat","background-position":"center center","background-size":"auto","background-attachment":"scroll","background-type":"","background-media":"","overlay-type":"","overlay-color":"","overlay-gradient":""},"mobile":{"background-color":"","background-image":"","background-repeat":"repeat","background-position":"center center","background-size":"auto","background-attachment":"scroll","background-type":"","background-media":"","overlay-type":"","overlay-color":"","overlay-gradient":""}},"ast-content-background-meta":{"desktop":{"background-color":"var(--ast-global-color-5)","background-image":"","background-repeat":"repeat","background-position":"center center","background-size":"auto","background-attachment":"scroll","background-type":"","background-media":"","overlay-type":"","overlay-color":"","overlay-gradient":""},"tablet":{"background-color":"var(--ast-global-color-5)","background-image":"","background-repeat":"repeat","background-position":"center center","background-size":"auto","background-attachment":"scroll","background-type":"","background-media":"","overlay-type":"","overlay-color":"","overlay-gradient":""},"mobile":{"background-color":"var(--ast-global-color-5)","background-image":"","background-repeat":"repeat","background-position":"center center","background-size":"auto","background-attachment":"scroll","background-type":"","background-media":"","overlay-type":"","overlay-color":"","overlay-gradient":""}},"footnotes":""},"class_list":["post-308","page","type-page","status-publish","hentry"],"yoast_head":"<!-- This site is optimized with the Yoast SEO plugin v22.8 - https:\/\/yoast.com\/wordpress\/plugins\/seo\/ -->\n<title>Cita previa - PK Abogados<\/title>\n<meta name=\"robots\" content=\"index, follow, max-snippet:-1, max-image-preview:large, max-video-preview:-1\" \/>\n<link rel=\"canonical\" href=\"https:\/\/pkabogados.com\/en\/cita-previa\/\" \/>\n<meta property=\"og:locale\" content=\"en_US\" \/>\n<meta property=\"og:type\" content=\"article\" \/>\n<meta property=\"og:title\" content=\"Cita previa - PK Abogados\" \/>\n<meta property=\"og:description\" content=\"Cita previa A trav\u00e9s del siguiente formulario podr\u00e1 agendar una asesor\u00eda.\" \/>\n<meta property=\"og:url\" content=\"https:\/\/pkabogados.com\/en\/cita-previa\/\" \/>\n<meta property=\"og:site_name\" content=\"PK Abogados\" \/>\n<meta property=\"article:modified_time\" content=\"2024-04-03T08:34:39+00:00\" \/>\n<meta name=\"twitter:card\" content=\"summary_large_image\" \/>\n<meta name=\"twitter:label1\" content=\"Est. reading time\" \/>\n\t<meta name=\"twitter:data1\" content=\"1 minute\" \/>\n<script type=\"application\/ld+json\" class=\"yoast-schema-graph\">{\"@context\":\"https:\/\/schema.org\",\"@graph\":[{\"@type\":\"WebPage\",\"@id\":\"https:\/\/pkabogados.com\/cita-previa\/\",\"url\":\"https:\/\/pkabogados.com\/cita-previa\/\",\"name\":\"Cita previa - PK Abogados\",\"isPartOf\":{\"@id\":\"https:\/\/pkabogados.com\/#website\"},\"datePublished\":\"2021-10-05T17:30:43+00:00\",\"dateModified\":\"2024-04-03T08:34:39+00:00\",\"breadcrumb\":{\"@id\":\"https:\/\/pkabogados.com\/cita-previa\/#breadcrumb\"},\"inLanguage\":\"en-US\",\"potentialAction\":[{\"@type\":\"ReadAction\",\"target\":[\"https:\/\/pkabogados.com\/cita-previa\/\"]}]},{\"@type\":\"BreadcrumbList\",\"@id\":\"https:\/\/pkabogados.com\/cita-previa\/#breadcrumb\",\"itemListElement\":[{\"@type\":\"ListItem\",\"position\":1,\"name\":\"Portada\",\"item\":\"https:\/\/pkabogados.com\/\"},{\"@type\":\"ListItem\",\"position\":2,\"name\":\"Cita previa\"}]},{\"@type\":\"WebSite\",\"@id\":\"https:\/\/pkabogados.com\/#website\",\"url\":\"https:\/\/pkabogados.com\/\",\"name\":\"PK Abogados\",\"description\":\"Abogados Expertos en Reclamaciones, Extranjer\u00eda, Asesoramiento inmobiliario e Inversi\u00f3n.\",\"publisher\":{\"@id\":\"https:\/\/pkabogados.com\/#organization\"},\"potentialAction\":[{\"@type\":\"SearchAction\",\"target\":{\"@type\":\"EntryPoint\",\"urlTemplate\":\"https:\/\/pkabogados.com\/?s={search_term_string}\"},\"query-input\":\"required name=search_term_string\"}],\"inLanguage\":\"en-US\"},{\"@type\":\"Organization\",\"@id\":\"https:\/\/pkabogados.com\/#organization\",\"name\":\"PK Abogados\",\"url\":\"https:\/\/pkabogados.com\/\",\"logo\":{\"@type\":\"ImageObject\",\"inLanguage\":\"en-US\",\"@id\":\"https:\/\/pkabogados.com\/#\/schema\/logo\/image\/\",\"url\":\"https:\/\/pkabogados.com\/wp-content\/uploads\/2022\/01\/cropped-logo-contacto.png\",\"contentUrl\":\"https:\/\/pkabogados.com\/wp-content\/uploads\/2022\/01\/cropped-logo-contacto.png\",\"width\":2019,\"height\":1143,\"caption\":\"PK Abogados\"},\"image\":{\"@id\":\"https:\/\/pkabogados.com\/#\/schema\/logo\/image\/\"}}]}<\/script>\n<!-- \/ Yoast SEO plugin. -->","yoast_head_json":{"title":"Cita previa - PK Abogados","robots":{"index":"index","follow":"follow","max-snippet":"max-snippet:-1","max-image-preview":"max-image-preview:large","max-video-preview":"max-video-preview:-1"},"canonical":"https:\/\/pkabogados.com\/en\/cita-previa\/","og_locale":"en_US","og_type":"article","og_title":"Cita previa - PK Abogados","og_description":"Cita previa A trav\u00e9s del siguiente formulario podr\u00e1 agendar una asesor\u00eda.","og_url":"https:\/\/pkabogados.com\/en\/cita-previa\/","og_site_name":"PK Abogados","article_modified_time":"2024-04-03T08:34:39+00:00","twitter_card":"summary_large_image","twitter_misc":{"Est. reading time":"1 minute"},"schema":{"@context":"https:\/\/schema.org","@graph":[{"@type":"WebPage","@id":"https:\/\/pkabogados.com\/cita-previa\/","url":"https:\/\/pkabogados.com\/cita-previa\/","name":"Cita previa - PK Abogados","isPartOf":{"@id":"https:\/\/pkabogados.com\/#website"},"datePublished":"2021-10-05T17:30:43+00:00","dateModified":"2024-04-03T08:34:39+00:00","breadcrumb":{"@id":"https:\/\/pkabogados.com\/cita-previa\/#breadcrumb"},"inLanguage":"en-US","potentialAction":[{"@type":"ReadAction","target":["https:\/\/pkabogados.com\/cita-previa\/"]}]},{"@type":"BreadcrumbList","@id":"https:\/\/pkabogados.com\/cita-previa\/#breadcrumb","itemListElement":[{"@type":"ListItem","position":1,"name":"Portada","item":"https:\/\/pkabogados.com\/"},{"@type":"ListItem","position":2,"name":"Cita previa"}]},{"@type":"WebSite","@id":"https:\/\/pkabogados.com\/#website","url":"https:\/\/pkabogados.com\/","name":"PK Abogados","description":"Abogados Expertos en Reclamaciones, Extranjer\u00eda, Asesoramiento inmobiliario e Inversi\u00f3n.","publisher":{"@id":"https:\/\/pkabogados.com\/#organization"},"potentialAction":[{"@type":"SearchAction","target":{"@type":"EntryPoint","urlTemplate":"https:\/\/pkabogados.com\/?s={search_term_string}"},"query-input":"required name=search_term_string"}],"inLanguage":"en-US"},{"@type":"Organization","@id":"https:\/\/pkabogados.com\/#organization","name":"PK Abogados","url":"https:\/\/pkabogados.com\/","logo":{"@type":"ImageObject","inLanguage":"en-US","@id":"https:\/\/pkabogados.com\/#\/schema\/logo\/image\/","url":"https:\/\/pkabogados.com\/wp-content\/uploads\/2022\/01\/cropped-logo-contacto.png","contentUrl":"https:\/\/pkabogados.com\/wp-content\/uploads\/2022\/01\/cropped-logo-contacto.png","width":2019,"height":1143,"caption":"PK Abogados"},"image":{"@id":"https:\/\/pkabogados.com\/#\/schema\/logo\/image\/"}}]}},"_links":{"self":[{"href":"https:\/\/pkabogados.com\/en\/wp-json\/wp\/v2\/pages\/308","targetHints":{"allow":["GET"]}}],"collection":[{"href":"https:\/\/pkabogados.com\/en\/wp-json\/wp\/v2\/pages"}],"about":[{"href":"https:\/\/pkabogados.com\/en\/wp-json\/wp\/v2\/types\/page"}],"author":[{"embeddable":true,"href":"https:\/\/pkabogados.com\/en\/wp-json\/wp\/v2\/users\/1"}],"replies":[{"embeddable":true,"href":"https:\/\/pkabogados.com\/en\/wp-json\/wp\/v2\/comments?post=308"}],"version-history":[{"count":26,"href":"https:\/\/pkabogados.com\/en\/wp-json\/wp\/v2\/pages\/308\/revisions"}],"predecessor-version":[{"id":1985,"href":"https:\/\/pkabogados.com\/en\/wp-json\/wp\/v2\/pages\/308\/revisions\/1985"}],"wp:attachment":[{"href":"https:\/\/pkabogados.com\/en\/wp-json\/wp\/v2\/media?parent=308"}],"curies":[{"name":"wp","href":"https:\/\/api.w.org\/{rel}","templated":true}]}}